{"id":924,"date":"2018-05-22T14:29:23","date_gmt":"2018-05-22T12:29:23","guid":{"rendered":"http:\/\/dom-ilok.hr\/?page_id=924"},"modified":"2018-05-22T14:30:13","modified_gmt":"2018-05-22T12:30:13","slug":"aktivnosti","status":"publish","type":"page","link":"https:\/\/dom-ilok.hr\/?page_id=924","title":{"rendered":"Aktivnosti"},"content":{"rendered":"<p style=\"text-align: justify;\"><strong>Organiziranje proslava<\/strong><\/p>\n<p><a href=\"http:\/\/dom-ilok.hr\/wp-content\/uploads\/2018\/05\/IMG_0119.jpg\"><img loading=\"lazy\" decoding=\"async\" class=\"alignnone wp-image-925 size-medium\" src=\"http:\/\/dom-ilok.hr\/wp-content\/uploads\/2018\/05\/IMG_0119-300x225.jpg\" alt=\"\" width=\"300\" height=\"225\" srcset=\"https:\/\/dom-ilok.hr\/wp-content\/uploads\/2018\/05\/IMG_0119-300x225.jpg 300w, https:\/\/dom-ilok.hr\/wp-content\/uploads\/2018\/05\/IMG_0119-768x576.jpg 768w, https:\/\/dom-ilok.hr\/wp-content\/uploads\/2018\/05\/IMG_0119.jpg 800w\" sizes=\"auto, (max-width: 300px) 100vw, 300px\" \/><\/a><\/p>\n<p style=\"text-align: justify;\">Za organiziranje prigodnih proslava i programa u domu zadu\u017een je radni terapeut i socijalni radnik. Ro\u0111endani se slave jednom u dva mjeseca uz prisustvo slavljenika, korisnika i djelatnika doma te uz glazbu, ro\u0111endansku tortu i podjelu poklona.<\/p>\n<p style=\"text-align: justify;\">Svake se godine uz prigodni program, ples, glaszbu i dru\u017eenje obilje\u017eavaju Vinkovo, Valentinovo, Ma\u0161kare, i Do\u010dek Nove godine, ponekad i u zajedni\u010dkoj organizaciji sa drugim domovima. Sve\u010danim programom uz sudjelovanje samih korisnika, te udruga i KUD-ova tradicionalno se obilje\u017eavaju Me\u0111unarodni Dan starih osoba, Svjetski Dan bolesnika i Me\u0111unarodni dan dijabetesa.<\/p>\n<p style=\"text-align: justify;\">Za na\u0161e korisnike vjernike, uz tjednu misu koja se odr\u017eava naj\u010de\u0161\u0107e nedjeljom, po potrebi sve\u0107enik na\u0161e ustanove dolazi na poziv te ispovjeda korisnike, a velik broj vjernika uklju\u010den je u Tre\u0107i red. Dom za svoje korisnike organizira izlete tako da smo obi\u0161li ve\u0107i broj gradova na\u0161e i okolnih \u017dupanija.<\/p>\n<p style=\"text-align: justify;\"><strong>Slobodne aktivnosti<\/strong><\/p>\n<p><a href=\"http:\/\/dom-ilok.hr\/wp-content\/uploads\/2018\/05\/gimnastika.jpg\"><img loading=\"lazy\" decoding=\"async\" class=\"alignnone wp-image-926 size-medium\" src=\"http:\/\/dom-ilok.hr\/wp-content\/uploads\/2018\/05\/gimnastika-300x186.jpg\" alt=\"\" width=\"300\" height=\"186\" srcset=\"https:\/\/dom-ilok.hr\/wp-content\/uploads\/2018\/05\/gimnastika-300x186.jpg 300w, https:\/\/dom-ilok.hr\/wp-content\/uploads\/2018\/05\/gimnastika.jpg 500w\" sizes=\"auto, (max-width: 300px) 100vw, 300px\" \/><\/a><\/p>\n<p style=\"text-align: justify;\">Rad odjela socijalnog rada, radne terapije i brige o zdravlju organizira se prema tjednom i dnevnom rasporedu. Svakodnevno osim vikenda, odr\u017eava se jutarnja gimnastika, svakodnevno se provodi fizikalna terapija za slabije pokretne korisnike a kuglane rade samostalno.<\/p>\n<p style=\"text-align: justify;\">Dva puta tjedno se odr\u017eava radno-okupaciona terapija gdje korisnici izra\u0111uju predmete vezano uz odre\u0111ene blagdane i praznike, a tjedno se odr\u017eava \u010ditala\u010dka grupa, te se prema potrebi aktivira zbor doma. Odr\u017eava se dobra suradnja sa Institucijama na lokalnom nivou (Vrti\u0107, \u0160kola, Crveni kri\u017e, Muzej i razne druge).<\/p>\n<p style=\"text-align: justify;\"><strong>Slobodno vrijeme<\/strong><\/p>\n<p><a href=\"http:\/\/dom-ilok.hr\/wp-content\/uploads\/2018\/05\/slobodno-vrijeme3.jpg\"><img loading=\"lazy\" decoding=\"async\" class=\"alignnone wp-image-927 size-medium\" src=\"http:\/\/dom-ilok.hr\/wp-content\/uploads\/2018\/05\/slobodno-vrijeme3-300x186.jpg\" alt=\"\" width=\"300\" height=\"186\" srcset=\"https:\/\/dom-ilok.hr\/wp-content\/uploads\/2018\/05\/slobodno-vrijeme3-300x186.jpg 300w, https:\/\/dom-ilok.hr\/wp-content\/uploads\/2018\/05\/slobodno-vrijeme3.jpg 500w\" sizes=\"auto, (max-width: 300px) 100vw, 300px\" \/><\/a><\/p>\n<p style=\"text-align: justify;\">Korisnici individualno provode slobodno vrijeme u uzgoju cvije\u0107a, ure\u0111enju okoli\u0161a doma, sadnji vrta, \u0161e\u0107u ure\u0111enim stazama ili se dru\u017ee na terasi doma, dok pojedini unutar vlastitog doma izra\u0111uju ru\u010dne radove i slike.<\/p>\n","protected":false},"excerpt":{"rendered":"<p>Organiziranje proslava Za organiziranje prigodnih proslava i programa u domu zadu\u017een je radni terapeut i socijalni radnik. Ro\u0111endani se slave jednom u dva mjeseca uz prisustvo slavljenika, korisnika i djelatnika doma te uz glazbu, ro\u0111endansku tortu i podjelu poklona. Svake se godine uz prigodni program, ples, glaszbu i dru\u017eenje obilje\u017eavaju Vinkovo, Valentinovo, Ma\u0161kare, i Do\u010dek&hellip;<\/p>\n","protected":false},"author":1,"featured_media":0,"parent":0,"menu_order":4,"comment_status":"closed","ping_status":"closed","template":"","meta":{"_monsterinsights_skip_tracking":false,"_monsterinsights_sitenote_active":false,"_monsterinsights_sitenote_note":"","_monsterinsights_sitenote_category":0,"ngg_post_thumbnail":0,"footnotes":""},"class_list":["post-924","page","type-page","status-publish","hentry","description-off"],"aioseo_notices":[],"_links":{"self":[{"href":"https:\/\/dom-ilok.hr\/index.php?rest_route=\/wp\/v2\/pages\/924","targetHints":{"allow":["GET"]}}],"collection":[{"href":"https:\/\/dom-ilok.hr\/index.php?rest_route=\/wp\/v2\/pages"}],"about":[{"href":"https:\/\/dom-ilok.hr\/index.php?rest_route=\/wp\/v2\/types\/page"}],"author":[{"embeddable":true,"href":"https:\/\/dom-ilok.hr\/index.php?rest_route=\/wp\/v2\/users\/1"}],"replies":[{"embeddable":true,"href":"https:\/\/dom-ilok.hr\/index.php?rest_route=%2Fwp%2Fv2%2Fcomments&post=924"}],"version-history":[{"count":2,"href":"https:\/\/dom-ilok.hr\/index.php?rest_route=\/wp\/v2\/pages\/924\/revisions"}],"predecessor-version":[{"id":930,"href":"https:\/\/dom-ilok.hr\/index.php?rest_route=\/wp\/v2\/pages\/924\/revisions\/930"}],"wp:attachment":[{"href":"https:\/\/dom-ilok.hr\/index.php?rest_route=%2Fwp%2Fv2%2Fmedia&parent=924"}],"curies":[{"name":"wp","href":"https:\/\/api.w.org\/{rel}","templated":true}]}}