{"id":900,"date":"2018-05-22T14:05:52","date_gmt":"2018-05-22T12:05:52","guid":{"rendered":"http:\/\/dom-ilok.hr\/?page_id=900"},"modified":"2025-12-14T17:03:57","modified_gmt":"2025-12-14T16:03:57","slug":"usluge","status":"publish","type":"page","link":"https:\/\/dom-ilok.hr\/?page_id=900","title":{"rendered":"Usluge"},"content":{"rendered":"<p><strong>USLUGE KOJE PRU\u017dAMO U DOMU ZA STARIJE I NEMO\u0106NE OSOBE ILOK<\/strong><\/p>\n<ul>\n<li>stalni smje\u0161taj<\/li>\n<li>poludnevni i cjelodnevni boravak<\/li>\n<li>pru\u017eanje usluga smje\u0161taja za osobe oboljele od Alzheimerove demencije i drugih demencija<\/li>\n<li>pomo\u0107 u ku\u0107i<\/li>\n<li>osobna asistencija<\/li>\n<li>savjetovanje<\/li>\n<li>psihosocijalno savjetovanje<\/li>\n<li>socijalno mentorstvo<\/li>\n<\/ul>\n<p>&nbsp;<\/p>\n<p><strong>STALNI SMJE\u0160TAJ<\/strong><\/p>\n<ul>\n<li>odjel poja\u010dane njege<\/li>\n<li>smje\u0161taj u stambenom dijelu<\/li>\n<\/ul>\n<p>&nbsp;<\/p>\n<p>Pru\u017eamo uslugu stalnog smje\u0161taja za 192 korisnika. Ovisno o stupnju usluge koja se pru\u017ea korisniku, odnosno funkcionalnoj sposobnosti i zdravstvenom stanju korisnika.<\/p>\n<p>U okviru stalnog smje\u0161taja pru\u017eamo usluge:<\/p>\n<ul>\n<li>stanovanja<\/li>\n<li>prehrane<\/li>\n<li>briga o zdravlju<\/li>\n<li>stru\u010dni socijalni rad<\/li>\n<li>odr\u017eavanje i higijena prostora i rublja<\/li>\n<li>radne aktivnosti u slobodno vrijeme<\/li>\n<\/ul>\n<p>Odjel poja\u010dane njege ima kapacitet od 113 smje\u0161taja koje \u010dine jednokrevetne, dvokrevetne, trokrevetne i \u010detverokrevetne sobe. Na odjelu poja\u010dane njege je potrebna stalna njega i skrb koju pru\u017ea voditelj odjela, medicinsko osoblje, njegovatelji, fizioterapeuti te lije\u010dnica Doma (1 tjedno i po potrebi).<\/p>\n<p>Smje\u0161taj u stambenom dijelu ima kapacitet za 79 korisnika, smje\u0161teni su u monta\u017enim ku\u0107icama koje su jednokrevetne, dvokrevetne i trokrevetne. Svaki apartman ima \u010dajnu kuhinju, WC kabinu, tu\u0161 kabinu i sobu. U stambenom dijelu korisnici imaju mogu\u0107nost priklju\u010dka telefona, interneta i TV priklju\u010dka.<\/p>\n<p>&nbsp;<\/p>\n<p>U Domu se korisnici smje\u0161taju:<\/p>\n<ul>\n<li>temeljem privatnog Ugovora<\/li>\n<li>temeljem Rje\u0161enja nadle\u017enog Zavoda za socijalni rad<\/li>\n<\/ul>\n<p>&nbsp;<\/p>\n<p>O smje\u0161taju i prijemu Doma odlu\u010duje Komisija za prijem i otpust korisnika. Za ostvarivanje prava na smje\u0161taj potrebno je predati zahtjev za smje\u0161taj.<\/p>\n<p>Zahtjev se mo\u017ee predati osobno, po\u0161tom i e-mailom.<\/p>\n<p><strong>&nbsp;<\/strong><\/p>\n<p><strong>POLUDNEVNI I CJELODNEVNI BORAVAK<\/strong><\/p>\n<p>&nbsp;<\/p>\n<p><strong>Poludnevni boravak<\/strong> je usluga koja osigurava organizirane aktivnosti tijekom dana uz stru\u010dnu i drugu pomo\u0107 i podr\u0161ku radi zadovoljavanja osobnih i dodatnih \u017eivotnih potreba.<\/p>\n<p>Poludnevni boravak obuhva\u0107a:<\/p>\n<ul>\n<li>uslugu socijalnog rada<\/li>\n<li>psihosocijalnu rehabilitaciju<\/li>\n<li>aktivno provo\u0111enje vremena i radne aktivnosti<\/li>\n<li>boravak i prehranu<\/li>\n<li>brigu o zdravlju<\/li>\n<li>njegu i odr\u017eavanje osobne higijene<\/li>\n<li>organizirani prijevoz<\/li>\n<\/ul>\n<p>&nbsp;<\/p>\n<p>Poludnevni boravak namijenjen je za osobe starije od 65 godina, osobe sa invaliditetom i privremeno radno nesposobne osobe. Kapacitet poludnevnog boravka je 14 osoba.<\/p>\n<p><strong>Cjelodnevni boravak<\/strong> je usluga u zajednici kojom se nudi skrb pokretnim osobama uz stru\u010dnu pomo\u0107 i podr\u0161ku.<\/p>\n<p>Cjelodnevni boravak obuhva\u0107a:<\/p>\n<ul>\n<li>uslugu socijalnog radnika, pravnika, njegovatelja, psihoterapeuta, fizioterapeuta, lije\u010dnika op\u0107e prakse (ili stru\u010dnog tima)<\/li>\n<li>usluge psihosocijalne rehabilitacije<\/li>\n<li>aktivno provo\u0111enje vremena i radne aktivnosti<\/li>\n<li>boravak i prehrana<\/li>\n<li>briga o zdravlju<\/li>\n<li>njega i odr\u017eavanje osobne higijene<\/li>\n<li>organizirani prijevoz<\/li>\n<\/ul>\n<p>Namijenjena je za osobe starije \u017eivotne dobi, osobama sa invaliditetom, osobama koje boluju od Alzheimerove bolesti. Kapacitet cjelodnevnog boravka je za 16 korisnika.<\/p>\n<p>&nbsp;<\/p>\n<p><strong>PRU\u017dANJE USLUGA SMJE\u0160TAJA ZA OSOBE OBOLJELE OD ALZHEIMEROVE DEMENCIJE I DRUGIH DEMENCIJA<\/strong><\/p>\n<p>Ovisno o stadiju bolesti Dom mo\u017ee osigurati u zasebnim stambenim jedinicama (srednji\/srednje te\u0161ki stadij bolesti) i u jedinici za poja\u010danu njegu (terminalni stadij bolesti).<\/p>\n<p>&nbsp;<\/p>\n<p><strong>POMO\u0106 U KU\u0106I<\/strong><\/p>\n<p>Pomo\u0107 u ku\u0107i mogu ostvariti starije i druge osobe temeljem privatnog ugovora i temeljem Rje\u0161enja Hrvatskog zavoda za socijalni rad na podru\u010dju grada Iloka, \u0160arengrada, Mohova i Bapske. Pru\u017ea se u svrhu prevencije institucionalizacije osoba starije \u017eivotne dobi i osoba s invaliditetom koje se nalaze u nepovoljnoj \u017eivotnoj situaciji, a nisu je u mogu\u0107nosti prevladati sami, uz pomo\u0107 \u010dlanova obitelji ili obveznika uzdr\u017eavanja.<\/p>\n<p>Usluga pomo\u0107i u ku\u0107i obuhva\u0107a:<\/p>\n<ul>\n<li>organiziranje prehrane (priprema i dostava gotovog obroka)<\/li>\n<li>obavljanje ku\u0107nih poslova<\/li>\n<li>odr\u017eavanje osobne higijene<\/li>\n<li>zadovoljavanje drugih svakodnevnih potreba<\/li>\n<\/ul>\n<p>&nbsp;<\/p>\n<p><strong>PRU\u017dANJE USLUGE OSOBNE ASISTENCIJE<\/strong><\/p>\n<p>Socijalna usluga kojom se osigurava pomo\u0107 i podr\u0161ka osobama s invaliditetom u aktivnostima koje ne mo\u017ee izvoditi sama radi vrste i stupnja invaliditeta, a koje su svakodnevno potrebne u ku\u0107i, te izvan nje, te pomo\u0107 i podr\u0161ka u komunikaciji i primanju informacija, a u svrhu ve\u0107eg stupnja samostalnosti i uklju\u010denosti u zajednicu, za\u0161tite i osiguravanja ljudskih prava osoba s invaliditetom kao i ostvarivanja ravnopravnosti s drugima.<\/p>\n<p>&nbsp;<\/p>\n<p>&nbsp;<\/p>\n<p>&nbsp;<\/p>\n<p><strong>PRU\u017dANJE USLUGE SAVJETOVANJA<\/strong><\/p>\n<p>Usluga kojom stru\u010dna osoba u neposrednom kontaktu poti\u010de korisnika na razvoj novih mogu\u0107nosti sagledavanja \u017eivotne situacije sa svrhom prevladavanja te\u0161ko\u0107a, stvaranja uvjeta za o\u010duvanje i razvoj osobnih mogu\u0107nosti, te odgovornog odnosa pojedinca prema samom sebi, obitelji i dru\u0161tvu.<\/p>\n<p>Usluga obuhva\u0107a individualni rad korisnikom ili \u010dlanovima njegove obitelji radi prevladavanja te\u0161ko\u0107a koje je mogu\u0107e rije\u0161iti kratkotrajnim intervencijama.<\/p>\n<p><strong>PRU\u017dANJE USLUGE PSIHOSOCIJALNOG SAVJETOVANJA<\/strong><\/p>\n<p>Usluga kojom stru\u010dna osoba u neposrednom kontaktu, posebnim stru\u010dnim postupcima i aktivnostima poma\u017ee korisniku otkloniti te\u0161ko\u0107e u funkcioniranju u razli\u010ditim podru\u010djima \u017eivota.<\/p>\n<p>Psihosocijalno savjetovanje temelji se na terapijskom odnosu i procesu tijekom kojeg se radi na smanjenju aktualnih te\u0161ko\u0107a i pronala\u017eenju najboljeg rje\u0161enja ili prevladavanju kriznih situacija u skladu s potrebama korisnika.<\/p>\n<p><strong>&nbsp;<\/strong><\/p>\n<p><strong>PRU\u017dANJE USLUGA SOCIJALNOG MENTORSTVA<\/strong><\/p>\n<p>Usluga kojom se korisniku pru\u017ea stru\u010dna pomo\u0107 usmjerena ja\u010danju njegovih snaga i sposobnosti za uspje\u0161nije rje\u0161avanje nepovoljnih \u017eivotnih prilika i bolju integraciju u zajednici u kojoj \u017eivi.<\/p>\n<p>&nbsp;<\/p>\n<p>&nbsp;<\/p>\n","protected":false},"excerpt":{"rendered":"<p>USLUGE KOJE PRU\u017dAMO U DOMU ZA STARIJE I NEMO\u0106NE OSOBE ILOK stalni smje\u0161taj poludnevni i cjelodnevni boravak pru\u017eanje usluga smje\u0161taja za osobe oboljele od Alzheimerove demencije i drugih demencija pomo\u0107 u ku\u0107i osobna asistencija savjetovanje psihosocijalno savjetovanje socijalno mentorstvo &nbsp; STALNI SMJE\u0160TAJ odjel poja\u010dane njege smje\u0161taj u stambenom dijelu &nbsp; Pru\u017eamo uslugu stalnog smje\u0161taja za&hellip;<\/p>\n","protected":false},"author":1,"featured_media":0,"parent":0,"menu_order":2,"comment_status":"closed","ping_status":"closed","template":"","meta":{"_monsterinsights_skip_tracking":false,"_monsterinsights_sitenote_active":false,"_monsterinsights_sitenote_note":"","_monsterinsights_sitenote_category":0,"ngg_post_thumbnail":0,"footnotes":""},"class_list":["post-900","page","type-page","status-publish","hentry","description-off"],"aioseo_notices":[],"_links":{"self":[{"href":"https:\/\/dom-ilok.hr\/index.php?rest_route=\/wp\/v2\/pages\/900","targetHints":{"allow":["GET"]}}],"collection":[{"href":"https:\/\/dom-ilok.hr\/index.php?rest_route=\/wp\/v2\/pages"}],"about":[{"href":"https:\/\/dom-ilok.hr\/index.php?rest_route=\/wp\/v2\/types\/page"}],"author":[{"embeddable":true,"href":"https:\/\/dom-ilok.hr\/index.php?rest_route=\/wp\/v2\/users\/1"}],"replies":[{"embeddable":true,"href":"https:\/\/dom-ilok.hr\/index.php?rest_route=%2Fwp%2Fv2%2Fcomments&post=900"}],"version-history":[{"count":4,"href":"https:\/\/dom-ilok.hr\/index.php?rest_route=\/wp\/v2\/pages\/900\/revisions"}],"predecessor-version":[{"id":3963,"href":"https:\/\/dom-ilok.hr\/index.php?rest_route=\/wp\/v2\/pages\/900\/revisions\/3963"}],"wp:attachment":[{"href":"https:\/\/dom-ilok.hr\/index.php?rest_route=%2Fwp%2Fv2%2Fmedia&parent=900"}],"curies":[{"name":"wp","href":"https:\/\/api.w.org\/{rel}","templated":true}]}}