{"id":895,"date":"2018-05-22T14:03:36","date_gmt":"2018-05-22T12:03:36","guid":{"rendered":"http:\/\/dom-ilok.hr\/?page_id=895"},"modified":"2025-12-14T16:54:52","modified_gmt":"2025-12-14T15:54:52","slug":"o-nama","status":"publish","type":"page","link":"https:\/\/dom-ilok.hr\/?page_id=895","title":{"rendered":"O nama"},"content":{"rendered":"<p><strong>O NAMA<\/strong><\/p>\n<p>Dom za starije i nemo\u0107ne osobe Ilok nalazi se u najisto\u010dnijem gradu Republike Hrvatske u Vukovarsko-srijemskoj \u017eupaniji smje\u0161tenom na obroncima Fru\u0161ke gore.&nbsp; Dom se prostire na povr\u0161ini od 30.160 m<sup>2<\/sup> koje obiluje zelenilom i ure\u0111enim \u0161etnicama. Nalazi se u mirnom dijelu grada udaljenom od buke gradskog prometa okru\u017een predivnom prirodom koja kroz sva \u010detiri godi\u0161nja doba daje poseban ugo\u0111aj korisnicima na\u0161e ustanove. Dom \u010dini vi\u0161e zasebnih stambenih cjelina: odjel poja\u010dane njege 28 odvojenih stambenih jedinica za smje\u0161taj pokretnih korisnika koje na\u0161im korisnicima pru\u017eaju osje\u0107aj \u201ekao kod ku\u0107e\u201c, te odvojene jedinice fizikalne terapije, radne okupacije i kapelice Doma kao i 5 novoizgra\u0111enih paviljona za pru\u017eanje izvaninstitucionalnih usluga poludnevnog i dnevnog boravka. &nbsp;Ispred svake ku\u0107ice nalaze se prekrasni mali cvjetnjaci koji su kreacije korisnika doma.<\/p>\n<p>Dom za starije i nemo\u0107ne osobe zapo\u010deo je sa radom 01.06.2002. godine. Osniva\u010d i vlasnik Doma za starije i nemo\u0107ne osobe Ilok je Vukovarsko-srijemska \u017eupanija. Kapacitet Doma za uslugu stalnog smje\u0161taja je 192 korisnika (113 na odjelu poja\u010dane njege i 79 u stambenim jedinicama), za usluge poludnevnog i cjelodnevnog boravka je 36 korisnika, te usluga pomo\u0107i u ku\u0107i 48 korisnika s mogu\u0107no\u0161\u0107u pove\u0107anja.<\/p>\n<p>Vi\u0161e od 50 zaposlenika svakodnevno skrbi o korisnicima stalnog smje\u0161taja, dok kroz kontinuirano provo\u0111enje projekata i pru\u017eanje socijalnih usluga dodatno zapo\u0161ljavamo djelatnike koji skrbe o osobama starije \u017eivotne dobi i osobama sa invaliditetom u lokalnoj zajednici, odnosno u njihovim domovima.&nbsp;<\/p>\n<p>Dom se iznimno ponosi uspje\u0161no provedenim projektima i projektima u provedbi kojima se kontinuirano pove\u0107ava kvaliteta usluga koje dom pru\u017ea korisnicima.&nbsp; Kroz projekte su nabavljeni najsuvremeniji ure\u0111aji za fizikalnu terapiju, posebno isti\u010demo novonabavljeni ure\u0111aj za pobolj\u0161anje mentalnog i fizi\u010dkog zdravlja koji je trenutno jedini u Hrvatskoj koji je u uporabi, nabavljena su mnogobrojna ortopedska pomagala koja su bez naknade dostupna osobama u potrebi kroz na\u0161u posudionicu, tako\u0111er su nabavljena vozila, od kojih mo\u017eemo istaknuti vozilo sa ugra\u0111enom invalidskom rampom koji nam pove\u0107ava kvalitetu pru\u017eanja skrbi na\u0161im te\u017ee pokretnim korisnicima.<\/p>\n<p>&nbsp;<\/p>\n<p><strong>DJELATNOST DOMA<\/strong><\/p>\n<ul>\n<li>pru\u017eanje usluga u okviru smje\u0161taja: stanovanja, prehrane, brige o zdravlju, njege, socijalnog rada, psihosocijalne rehabilitacije, fizikalne terapije, radne terapije, radnih aktivnosti, aktivnog provo\u0111enja vremena i organiziranog prijevoza, ovisno o utvr\u0111enim potrebama i izboru korisnika<\/li>\n<li>pru\u017eanje usluge poludnevnog i cjelodnevnog boravka: stru\u010dna pomo\u0107 i podr\u0161ka, usluge psihosocijalne rehabilitacije, aktivno provo\u0111enje vremena i radne aktivnosti, boravak i prehrana, fizikalna terapija, briga o zdravlju, njega i odr\u017eavanje osobne higijene, organizirani prijevoz<\/li>\n<li>pru\u017eanje usluga smje\u0161taja za osobe oboljele od Alzheimerove demencije i drugih demencija ovisno o stadiju bolesti Dom mo\u017ee organizirati u zasebnim stambenim jedinicama (srednji\/srednje te\u0161ki stadij bolesti) i u jedinici za poja\u010danu njegu (terminalni stadij bolesti)<\/li>\n<li>pru\u017eanje usluge pomo\u0107i u ku\u0107i: priprema i dostava toplog obroka, obavljanje ku\u0107anskih poslova, odr\u017eavanje osobne higijene te zadovoljavanje drugih svakodnevnih potreba.<\/li>\n<li>pru\u017eanje usluge osobne asistencije<\/li>\n<li>pru\u017eanje usluge savjetovanja<\/li>\n<li>pru\u017eanje usluge psihosocijalnog savjetovanja<\/li>\n<li>pru\u017eanje usluge socijalnog mentorstva<\/li>\n<\/ul>\n<p>Pored navedenih djelatnosti, Dom mo\u017ee obavljati i druge djelatnosti, ako se one u manjem opsegu ili uobi\u010dajeno obavljaju uz djelatnost upisanu u sudski registar.<\/p>\n<p>&nbsp;<\/p>\n<p><strong>MISIJA<\/strong><\/p>\n<p>Dom za starije i nemo\u0107ne osobe Ilok obavlja djelatnost socijalne skrbi kroz pru\u017eanje usluge stalnog smje\u0161taja, poludnevnog i cjelodnevnog boravka, pru\u017eanje usluge pomo\u0107i i njege u ku\u0107i, osobne asistencije te usluga potpore i podr\u0161ke osobama u lokalnoj zajednici kroz provedbu europskih projekata, a sve sa ciljem osiguravanja osobama tre\u0107e \u017eivotne dobi dostupnost i kvalitetu usluga potrebnih njihovoj \u017eivotnoj dobi.<\/p>\n<p><strong>VIZIJA<\/strong><\/p>\n<p>Razvijanje novih vrsta usluga i rad na podizanju kvalitete postoje\u0107ih usluga sa ciljem ostvarenja sveobuhvatnosti zadovoljenja potreba osoba tre\u0107e \u017eivotne dobi, odr\u017eavanje njihovih psihofizi\u010dkih sposobnosti te integracija u dru\u0161tvu kroz sudjelovanje u raznim manifestacijama.<\/p>\n","protected":false},"excerpt":{"rendered":"<p>O NAMA Dom za starije i nemo\u0107ne osobe Ilok nalazi se u najisto\u010dnijem gradu Republike Hrvatske u Vukovarsko-srijemskoj \u017eupaniji smje\u0161tenom na obroncima Fru\u0161ke gore.&nbsp; Dom se prostire na povr\u0161ini od 30.160 m2 koje obiluje zelenilom i ure\u0111enim \u0161etnicama. Nalazi se u mirnom dijelu grada udaljenom od buke gradskog prometa okru\u017een predivnom prirodom koja kroz sva&hellip;<\/p>\n","protected":false},"author":1,"featured_media":0,"parent":0,"menu_order":1,"comment_status":"closed","ping_status":"closed","template":"","meta":{"_monsterinsights_skip_tracking":false,"_monsterinsights_sitenote_active":false,"_monsterinsights_sitenote_note":"","_monsterinsights_sitenote_category":0,"ngg_post_thumbnail":0,"footnotes":""},"class_list":["post-895","page","type-page","status-publish","hentry","description-off"],"aioseo_notices":[],"_links":{"self":[{"href":"https:\/\/dom-ilok.hr\/index.php?rest_route=\/wp\/v2\/pages\/895","targetHints":{"allow":["GET"]}}],"collection":[{"href":"https:\/\/dom-ilok.hr\/index.php?rest_route=\/wp\/v2\/pages"}],"about":[{"href":"https:\/\/dom-ilok.hr\/index.php?rest_route=\/wp\/v2\/types\/page"}],"author":[{"embeddable":true,"href":"https:\/\/dom-ilok.hr\/index.php?rest_route=\/wp\/v2\/users\/1"}],"replies":[{"embeddable":true,"href":"https:\/\/dom-ilok.hr\/index.php?rest_route=%2Fwp%2Fv2%2Fcomments&post=895"}],"version-history":[{"count":4,"href":"https:\/\/dom-ilok.hr\/index.php?rest_route=\/wp\/v2\/pages\/895\/revisions"}],"predecessor-version":[{"id":3959,"href":"https:\/\/dom-ilok.hr\/index.php?rest_route=\/wp\/v2\/pages\/895\/revisions\/3959"}],"wp:attachment":[{"href":"https:\/\/dom-ilok.hr\/index.php?rest_route=%2Fwp%2Fv2%2Fmedia&parent=895"}],"curies":[{"name":"wp","href":"https:\/\/api.w.org\/{rel}","templated":true}]}}