{"id":4263,"date":"2026-02-01T16:19:26","date_gmt":"2026-02-01T15:19:26","guid":{"rendered":"https:\/\/dom-ilok.hr\/?page_id=4263"},"modified":"2026-04-26T11:37:14","modified_gmt":"2026-04-26T09:37:14","slug":"projekti","status":"publish","type":"page","link":"https:\/\/dom-ilok.hr\/?page_id=4263","title":{"rendered":"Projekti"},"content":{"rendered":"<p><strong>Projekti koje je provodio Dom Ilok<\/strong><\/p>\n<p>&nbsp;<\/p>\n<p><strong>PROJEKT PRU\u017dANJA PODR\u0160KE NEFORMALNIM NJEGOVATELJIMA I STARIJIM OSOBAMA KOJIMA NEFORMALNI NJEGOVATELJI PRU\u017dAJU DUGOTRAJNU SKRB S PODRU\u010cJA GRADA ILOKA<\/strong><\/p>\n<p>Prijavitelj\/partneri: Dom za starije i nemo\u0107ne osobe Ilok i Obiteljski centar, Podru\u010dna slu\u017eba Vukovarsko-srijemska<\/p>\n<p>Cilj projekta: Pridonijeti pove\u0107anju socijalne uklju\u010denosti i integraciji u \u017eivot zajednice starijih osoba, odnosno smanjiti i prevenirati njihovu socijalnu isklju\u010denost kao i pru\u017eanje podr\u0161ke neformalnim njegovateljima\/\u010dlanovima obitelji u obavljanju njihove skrbi oko osoba starije \u017eivotne dobi.<\/p>\n<p>Vrijeme provedbe projekta: 01. travnja 2025. \u2013 31. o\u017eujka 2026.<\/p>\n<p>Ukupna vrijednost projekta: 20.800 \u20ac (za prvu godinu)<\/p>\n<p>&nbsp;<\/p>\n<p><strong>PROJEKT IZGRADNJE ZGRADE POMO\u0106NE NAMJENE: NADSTRE\u0160NICA ZA SMJE\u0160TAJ VOZILA<\/strong><\/p>\n<p>Prijavitelj\/partneri: Vukovarsko-srijemska \u017eupanija, Dom za starije i nemo\u0107ne osobe Ilok<\/p>\n<p>Cilj projekta: Unaprje\u0111enje standarda socijalnih usluga potpomognutog podru\u010dja i smanjenje ekolo\u0161kog otiska kroz pove\u0107anje energetske samoodr\u017eivosti i u\u010dinkovitosti.<\/p>\n<p>Vrijeme provedbe projekta: 2025. godina<\/p>\n<p>Ukupna vrijednost projekta: 79.000,00 \u20ac<\/p>\n<p>&nbsp;<\/p>\n<p><strong>PROJEKT SOCCARE<\/strong><\/p>\n<p>Prijavitelj\/partneri: Dom za starije i nemo\u0107ne osobe Ilok, Razvojna agencija Vukovarsko \u2013 srijemske \u017eupanije, Caritas \u0160abac, Gerontolo\u0161ki centar Ba\u010dka Palanka<\/p>\n<p>Cilj projekta: Pobolj\u0161ati pristup novim uslugama u zajednici koje nude skrb za starije osobe, osobe s invaliditetom i osobe koje boluju od Alzheimerove bolesti.<\/p>\n<p>Vrijeme provedbe projekta: 01. listopad 2024. \u2013 31. o\u017eujak 2027.<\/p>\n<p>Ukupna vrijednost projekta: 1.759.424,63 \u20ac<\/p>\n<p>&nbsp;<\/p>\n<p><strong>PROJEKT ZA\u017dELI \u2013 OSTVARI II<\/strong><\/p>\n<p>Prijavitelj\/partneri: Dom za starije i nemo\u0107ne osobe Ilok, Hrvatski Crveni kri\u017e \u2013 Gradsko dru\u0161tvo Crvenog kri\u017ea Ilok<\/p>\n<p>Cilj projekta: Pove\u0107anje socijalne uklju\u010denosti i prevencija institucionalizacije osoba starijih od 65 godina i osoba sa invaliditetom osiguravanjem dugotrajne skrbi kroz organiziranje prehrane, obavljanje ku\u0107anskih poslova, odr\u017eavanje osobne higijene te zadovoljavanje drugih svakodnevnih potreba uz socijalnu podr\u0161ku razgovorom i dru\u017eenjem<\/p>\n<p>Vrijeme provedbe projekta: 14. velja\u010de 2024. \u2013 14. velja\u010de 2027.<\/p>\n<p>Ukupna vrijednost projekta: 1.485.000,00 \u20ac<\/p>\n<p>&nbsp;<\/p>\n<p><strong>PROJEKT INTERAKCIJA ZA INTEGRACIJU<\/strong><\/p>\n<p>Prijavitelj\/partneri: Dom za starije i nemo\u0107ne osobe Ilok, Caritas biskupije Mostar-Duvno i Trebinje Mrkan<\/p>\n<p>Cilj projekta: Ja\u010danje prekograni\u010dne suradnje kroz socijalnu revitalizaciju pograni\u010dnih podru\u010dja i pru\u017eanje potpore Hrvatima u Bosni i Hercegovini putem unaprije\u0111enih socijalnih usluga.<\/p>\n<p>Vrijeme provedbe projekta: 1. lipanj 2023. \u2013 30. studeni 2023.<\/p>\n<p>Ukupna vrijednost projekta: 59.575,54 \u20ac<\/p>\n<p>&nbsp;<\/p>\n<p><strong>PROJEKT IZRADE PROJEKTNO \u2013 TEHNI\u010cKE DOKUMENTACIJE ZA ENERGETSKU OBNOVU I PRIJELAZ NA OBNOVLJIVE IZVORE ENERGIJE DOMA ZA STARIJE I NEMO\u0106NE OSOBE ILOK<\/strong><\/p>\n<p>Prijavitelj\/partneri: Dom za starije i nemo\u0107ne osobe Ilok<\/p>\n<p>Cilj projekta: Energetska obnova i prijelaz na obnovljive izvore energije Doma za starije i nemo\u0107ne osobe Ilok<\/p>\n<p>Vrijeme provedbe projekta: 03. o\u017eujak 2023. \u2013 01.velja\u010da 2025.<\/p>\n<p>Ukupna vrijednost projekta: 61.025,00 \u20ac<\/p>\n<p>&nbsp;<\/p>\n<p><strong>PROJEKT HRANA U ZAJEDNIC<\/strong>I<\/p>\n<p>Prijavitelj: Dom za starije i nemo\u0107ne osobe Ilok<\/p>\n<p>Cilj projekta: Cilj je pove\u0107anje koli\u010dina donirane hrane, \u010dime se doprinositi smanjenju otpada od hrane, za\u0161titi okoli\u0161a te pove\u0107anju prehrambene sigurnosti siroma\u0161nijih skupina stanovni\u0161tva. Kroz projekt je nabavljen zamrziva\u010d visoke energetske u\u010dinkovitosti radi ja\u010danja kapaciteta za prihvat, skladi\u0161tenje i podjelu donirane hrane<\/p>\n<p>Vrijeme provedbe projekta: 1. sije\u010dnja 2023. \u2013 30. rujna 2023.<\/p>\n<p>Ukupna vrijednost projekta: 3.328,02 \u20ac<\/p>\n<p>&nbsp;<\/p>\n<p><strong>PROJEKT ZA\u017dELI \u2013 OSTVARI<\/strong><\/p>\n<p>Prijavitelj\/partneri:Dom za starije i nemo\u0107ne osobe Ilok, Hrvatski Crveni kri\u017e Gradsko dru\u0161tvo Crvenog kri\u017ea Ilok, Hrvatski zavod za zapo\u0161ljavanje, Podru\u010dni ured Vukovar, Centar za socijalnu skrb Vukovar<\/p>\n<p>Cilj projekta: Smanjenje nezaposlenosti i rizika od siroma\u0161tva zapo\u0161ljavanjem te\u017ee zapo\u0161ljivih \u017eena s ni\u017eom razinom obrazovanja pripadnica ranjivih skupina te poticanje socijalne uklju\u010denosti i pove\u0107anje kvalitete \u017eivota starijih osoba odnosno osoba u dobi od 65 i vi\u0161e godina i\/ili nemo\u0107nih osoba kao krajnjih korisnika na podru\u010dju Grada Iloka.<\/p>\n<p>Vrijeme provedbe projekta: 21. listopada 2022.- 21. lipnja 2023. godine<\/p>\n<p>Ukupna vrijednost projekta: 988.069,00 kn<\/p>\n<p>&nbsp;<\/p>\n<p><strong>PROJEKT BEZGRANI\u010cNA SURADNJA<\/strong><\/p>\n<p>Prijavitelj\/partneri: Dom za starije i nemo\u0107ne osobe Ilok, H.O. Caritas biskupija Mostar-Duvno i Trebinje-Mrkan<\/p>\n<p>Cilj projekta: Pridono\u0161enje socijalnoj revitalizaciji podru\u010dja prijavitelja i partnera, unaprje\u0111enje socijalne infrastrukture, pove\u0107anje energetske u\u010dinkovitosti i za\u0161tita okoli\u0161a.<\/p>\n<p>Vrijeme provedbe projekta: 1. svibnja 2022. \u2013 30. studeni 2022.<\/p>\n<p>Ukupna vrijednost projekta: 335.469,05 kn<\/p>\n<p>&nbsp;<\/p>\n<p><strong>PROJEKT PRIJEVOZ STARIJIH OSOBA U GRADU ILOKU<\/strong><\/p>\n<p>Prijavitelj: Dom za starije i nemo\u0107ne osobe Ilok<\/p>\n<p>Cilj projekta: Pove\u0107anje socijalne uklju\u010denosti i integracija u \u017eivot zajednice starijih osoba kroz pru\u017eanje usluga prijevoza starijim osobama kako bi zadovoljile osnovne \u017eivotne potrebe.<\/p>\n<p>Vrijeme provedbe projekta: 01. prosinac 2019. \u2013 30.04.2021.<\/p>\n<p>Ukupna vrijednost projekta: 130.000,00 kn<\/p>\n<p>&nbsp;<\/p>\n<p><strong>PROJEKT SUPPORT LIFE<\/strong><\/p>\n<p>Prijavitelj\/partneri: Dom za starije i nemo\u0107ne osobe Ilok, Udruga osoba sa invaliditetom Bubamara Vinkovci, Caritas \u0160abac i Dom zdravlja dr. Draga Ljo\u010di\u0107<\/p>\n<p>Cilj projekta: Glavni cilj projekta je pru\u017eanje zdravstvenih i socijalnih usluga namijenjenih starijim, nemo\u0107nim i osobama s invaliditetom. Projekt se temelji na integriranome modelu skrbi, odnosno me\u0111usektorskoj suradnji koja poti\u010de sveobuhvatnu intervenciju i zbrinjavanje najosjetljivijih skupina u dru\u0161tvu.<\/p>\n<p>Vrijeme provedbe projekta: 01. svibanj 2019. \u2013 30. lipanj 2021.<\/p>\n<p>Ukupna vrijednost projekta:1.012.600,83\u20ac<\/p>\n<p>&nbsp;<\/p>\n<p><strong>PROJEKT KREATIVNO ZLATNO DOBA 3<\/strong><\/p>\n<p>Prijavitelj\/partner: Gradsko Dru\u0161tvo Crvenog kri\u017ea Ilok, Dom za starije i nemo\u0107ne osobe Ilok<\/p>\n<p>Cilj projekta: Nastavak uspje\u0161no odre\u0111enog projekta zbog iskazanog interesa u\u010desnika (aktivnosti su se provodile kroz tri radionice: sportsko-rekreativna, kreativna i kulturno-zabavna radionica)<\/p>\n<p>Vrijeme provedbe projekta: 01. lipanj 2018. \u2013 31. sije\u010danj 2019.<\/p>\n<p>Ukupna vrijednost projekta: 82.000,00 kn<\/p>\n<p>&nbsp;<\/p>\n<p><strong>PROJEKT FITNESS ZA SVE<\/strong><\/p>\n<p>Prijavitelj: Dom za starije i nemo\u0107ne osobe Ilok<\/p>\n<p>Cilj projekta: Nabava sprava za vje\u017ebanje i izgradnja fitness parka na otvorenom, namijenjen korisnicima ustanove i stanovnicima grada Iloka.<\/p>\n<p>Vrijeme provedbe projekta: 2017. godina<\/p>\n<p>Ukupna vrijednost projekta: 15.200,00 kn<\/p>\n<p>&nbsp;<\/p>\n<p><strong>PROJEKT TAKE CARE!<\/strong><\/p>\n<p>Prijavitelj\/partneri: Udruga osoba s invaliditetom Bubamara Vinkovci, Dom za starije i nemo\u0107ne osobe Ilok, Op\u0161ta bolnica Sremska Mitrovica, Caritas Sveta Anastazija Sremska Mitrovica, Regionalna razvojna agencija Srem<\/p>\n<p>Cilj projekta: Podi\u0107i pristupa\u010dnost i kvalitetu zdravstvenih i socijalnih usluga namijenjenih starijim osobama i osobama s invaliditetom kroz razvoj palijativne skrbi u cilju pobolj\u0161anja kvalitete \u017eivota bolesnika u terminalnoj \u017eivotnoj fazi.<\/p>\n<p>Vrijeme provedbe projekta: 15. lipanj 2017. \u2013 14. velja\u010da 2019.<\/p>\n<p>Ukupna vrijednost projekta: 939.505,50 \u20ac<\/p>\n<p>&nbsp;<\/p>\n<p><strong>PROJEKT KREATIVNO ZLATNO DOBA 2<\/strong><\/p>\n<p>Prijavitelj\/partner: Dom za starije i nemo\u0107ne osobe Ilok, Gradsko Dru\u0161tvo Crvenog kri\u017ea Ilok<\/p>\n<p>Cilj projekta: Nastavak uspje\u0161no odre\u0111enog projekta zbog iskazanog interesa u\u010desnika (unapre\u0111enje kvalitete \u017eivota starijih osoba putem organiziranih aktivnosti kroz radionice, vo\u017enje jednom tjedno na odlazak lije\u010dniku i u trgovinu)<\/p>\n<p>Vrijeme provedbe projekta: 01. lipanj 2017. \u2013 30. studeni 2017.<\/p>\n<p>Ukupna vrijednost projekta: 77.000,00 kn<\/p>\n<p>&nbsp;<\/p>\n<p><strong>PROJEKT SRCE ZAJEDNICE<\/strong><br \/>\nPrijavitelj\/partneri: Dom za starije i nemo\u0107ne osobe Ilok, Centar za socijalnu skrb Vukovar, Vukovarsko \u2013 srijemska \u017eupanija<br \/>\nCilj projekta: Doprinos procesu prevencije institucionalizacije, razvoj mre\u017ee izvaninstitucijskih usluga, te posljedi\u010dno smanjenju broja korisnika institucijskog oblika skrbi u Vukovarsko \u2013 srijemskoj \u017eupaniji.<br \/>\nVrijeme provedbe projekta: 14. lipanj 2016. \u2013 01. o\u017eujak 2023.<br \/>\nUkupna vrijednost projekta: 8.042.196,48 kn<\/p>\n<p>&nbsp;<\/p>\n<p><strong>PROJEKT KREATIVNO ZLATNO DOBA<\/strong><\/p>\n<p>Prijavitelj\/partneri: Dom za starije i nemo\u0107ne osobe Ilok<\/p>\n<p>Cilj projekta: Unapre\u0111enje kvalitete \u017eivota starijih osoba putem organiziranih aktivnosti kroz radionice, vo\u017enje jednom tjedno na odlazak lije\u010dniku i u trgovinu.<\/p>\n<p>Vrijeme provedbe projekta: 01. lipanj 2016. \u2013 30. studeni 2016.<\/p>\n<p>Ukupna vrijednost projekta: 65.000,00 kn<\/p>\n<p>&nbsp;<\/p>\n<p><strong>PROJEKT ENERGETSKE U\u010cINKOVITOSTI ODJELA III<\/strong><\/p>\n<p>Prijavitelj: Dom za starije i nemo\u0107ne osobe Ilok<\/p>\n<p>Cilj projekta: Pove\u0107anje energetske u\u010dinkovitost i u\u0161teda energije izmjenom stolarije i postavljanjem izolacije vanjskih zidova, tavanskog prostora i postavljanjem fasade.<\/p>\n<p>Vrijeme provedbe projekta: prosinac 2014. \u2013 sije\u010danj 2016.<\/p>\n<p>Ukupna vrijednost projekta: 390.250,62 kn<\/p>\n<p>&nbsp;<\/p>\n<p><strong>PROJEKT NABAVE OPREME ZA DOM ZA STARIJE I NEMO\u0106NE OSOBE ILOK<\/strong><\/p>\n<p>Prijavitelj: Dom za starije i nemo\u0107ne osobe Ilok<\/p>\n<p>Cilj projekta: Nabava pokretne kade za kupanje, kisik s maskom, antidekubitalni madrac, stolica mobilna za kupanje, profesionalna perilica za rublje, profesionalna su\u0161ilica za rublje.<\/p>\n<p>Vrijeme provedbe projekta: 2009. godina<\/p>\n<p>Ukupna vrijednost projekta: 141.500,00 kn<\/p>\n","protected":false},"excerpt":{"rendered":"<p>Projekti koje je provodio Dom Ilok &nbsp; PROJEKT PRU\u017dANJA PODR\u0160KE NEFORMALNIM NJEGOVATELJIMA I STARIJIM OSOBAMA KOJIMA NEFORMALNI NJEGOVATELJI PRU\u017dAJU DUGOTRAJNU SKRB S PODRU\u010cJA GRADA ILOKA Prijavitelj\/partneri: Dom za starije i nemo\u0107ne osobe Ilok i Obiteljski centar, Podru\u010dna slu\u017eba Vukovarsko-srijemska Cilj projekta: Pridonijeti pove\u0107anju socijalne uklju\u010denosti i integraciji u \u017eivot zajednice starijih osoba, odnosno smanjiti i&hellip;<\/p>\n","protected":false},"author":1,"featured_media":0,"parent":0,"menu_order":0,"comment_status":"closed","ping_status":"closed","template":"","meta":{"_monsterinsights_skip_tracking":false,"_monsterinsights_sitenote_active":false,"_monsterinsights_sitenote_note":"","_monsterinsights_sitenote_category":0,"ngg_post_thumbnail":0,"footnotes":""},"class_list":["post-4263","page","type-page","status-publish","hentry","description-off"],"aioseo_notices":[],"_links":{"self":[{"href":"https:\/\/dom-ilok.hr\/index.php?rest_route=\/wp\/v2\/pages\/4263","targetHints":{"allow":["GET"]}}],"collection":[{"href":"https:\/\/dom-ilok.hr\/index.php?rest_route=\/wp\/v2\/pages"}],"about":[{"href":"https:\/\/dom-ilok.hr\/index.php?rest_route=\/wp\/v2\/types\/page"}],"author":[{"embeddable":true,"href":"https:\/\/dom-ilok.hr\/index.php?rest_route=\/wp\/v2\/users\/1"}],"replies":[{"embeddable":true,"href":"https:\/\/dom-ilok.hr\/index.php?rest_route=%2Fwp%2Fv2%2Fcomments&post=4263"}],"version-history":[{"count":4,"href":"https:\/\/dom-ilok.hr\/index.php?rest_route=\/wp\/v2\/pages\/4263\/revisions"}],"predecessor-version":[{"id":4373,"href":"https:\/\/dom-ilok.hr\/index.php?rest_route=\/wp\/v2\/pages\/4263\/revisions\/4373"}],"wp:attachment":[{"href":"https:\/\/dom-ilok.hr\/index.php?rest_route=%2Fwp%2Fv2%2Fmedia&parent=4263"}],"curies":[{"name":"wp","href":"https:\/\/api.w.org\/{rel}","templated":true}]}}