{"id":3369,"date":"2024-03-13T16:01:53","date_gmt":"2024-03-13T15:01:53","guid":{"rendered":"https:\/\/dom-ilok.hr\/?page_id=3369"},"modified":"2026-04-26T16:08:22","modified_gmt":"2026-04-26T14:08:22","slug":"projekt-zazeli-ostvari-2","status":"publish","type":"page","link":"https:\/\/dom-ilok.hr\/?page_id=3369","title":{"rendered":"Projekt Za\u017eeli ostvari 2"},"content":{"rendered":"<p><strong><img loading=\"lazy\" decoding=\"async\" class=\"alignnone wp-image-3370\" src=\"https:\/\/dom-ilok.hr\/wp-content\/uploads\/2024\/03\/Projekt-Zazeli_ostvari_2.png\" alt=\"Projekt Za\u017eeli - Ostvari II\" width=\"800\" height=\"493\"><\/strong><\/p>\n<p><strong>NAZIV PROJEKTA<\/strong>: Za\u017eeli-ostvari II<\/p>\n<p><strong>KODNI BROJ<\/strong>: SF.3.4.11.01.0097<\/p>\n<p><strong>KORISNIK BESPOVRATNIH SREDSTAVA<\/strong>: Dom za starije i nemo\u0107ne osobe Ilok<\/p>\n<p><strong>PARTNER NA PROJEKTU<\/strong>: Hrvatski Crveni kri\u017e &#8211; Gradsko dru\u0161tvo Crvenog kri\u017ea Ilok<\/p>\n<p><strong>POSREDNI\u010cKO TIJELO RAZINE 1<\/strong>: Ministarstvo rada, mirovinskoga sustava, obitelji i socijalne politike, www.mrosp.gov.hr&nbsp;&nbsp;&nbsp;&nbsp;&nbsp;&nbsp;&nbsp;&nbsp;&nbsp;&nbsp;&nbsp;&nbsp;&nbsp;&nbsp;&nbsp;&nbsp;&nbsp;&nbsp;&nbsp;&nbsp;&nbsp;&nbsp;&nbsp;&nbsp;&nbsp;&nbsp;&nbsp;&nbsp;&nbsp;&nbsp;&nbsp;&nbsp;&nbsp;&nbsp;&nbsp;&nbsp;&nbsp;&nbsp;&nbsp;&nbsp;&nbsp;&nbsp;&nbsp;&nbsp;&nbsp;&nbsp;&nbsp;&nbsp;&nbsp;&nbsp;&nbsp;&nbsp;&nbsp;&nbsp;&nbsp;&nbsp;&nbsp;&nbsp;&nbsp;&nbsp;&nbsp;&nbsp;&nbsp;&nbsp;&nbsp;&nbsp;&nbsp;&nbsp;&nbsp;&nbsp;&nbsp;&nbsp;&nbsp;<\/p>\n<p><strong>POSREDNI\u010cKO TIJELO RAZINE 2<\/strong>: Hrvatski zavod za zapo\u0161ljavanje, Ured za financiranje i ugovaranje projekata Europske unije, e-mail: <a href=\"mailto:cesdfc@hzz.hr\">cesdfc@hzz.hr<\/a><\/p>\n<p><strong>UKUPNA VRIJEDNOST PROJEKTA<\/strong>: 1.485.000,00 \u20ac<\/p>\n<p>Iznos bespovratnih sredstava: 1.485.000,00 \u20ac<\/p>\n<p>Dr\u017eavni prora\u010dun RH: 15%<\/p>\n<p>Europski socijalni fond plus: 85%<\/p>\n<p><strong>TRAJANJE PROJEKTA<\/strong>: 14. velja\u010de 2024. \u2013 14. velja\u010de 2027. (36 mjeseci)<\/p>\n<p>Projektom \u0107e se zaposliti 30 pru\u017eatelja usluga na vremenski period od 33 mjeseca.<\/p>\n<p>Pru\u017eat \u0107e se usluge potpore i podr\u0161ke za najmanje 180 pripadnika ciljne skupine uz isporuku mjese\u010dnog paketa higijenskih potrep\u0161tina korisnicima projekta pripadnicima ciljne skupine.<\/p>\n<p>&nbsp;<\/p>\n<p><strong>Ciljne skupine<\/strong><\/p>\n<p>OSOBE STARIJE OD 65 GODINA<\/p>\n<ul>\n<li>koje \u017eive u sama\u010dkom ili dvo\u010dlanom ku\u0107anstvu ili vi\u0161e\u010dlanom ku\u0107anstvu u kojem su svi \u010dlanovi ku\u0107anstva pripadnici ciljnih skupina<\/li>\n<li>\u010diji mjese\u010dni prihodi\n<ul>\n<li>za sama\u010dka ku\u0107anstva ne prelaze iznos 120% prosje\u010dne starosne mirovine za 40 i vi\u0161e godina mirovinskog sta\u017ea u mjesecu koji prethodi uklju\u010divanju u aktivnost ili u mjesecu prije ukoliko HZMO jo\u0161 nije izdao podatke za mjesec koji prethodi uklju\u010divanju u aktivnosti projekta<\/li>\n<li>za dvo\u010dlana ku\u0107anstva ukupno ne prelaze iznos od 200% prosje\u010dne starosne mirovine za 40 i vi\u0161e godina mirovinskog sta\u017ea<\/li>\n<li>za vi\u0161e\u010dlana ku\u0107anstva ukupno ne prelaze iznos od 300% prosje\u010dne starosne mirovine za 40 i vi\u0161e godina mirovinskog sta\u017ea<\/li>\n<\/ul>\n<\/li>\n<\/ul>\n<p>-iznos prosje\u010dne starosne mirovine za 40 i vi\u0161e godina mirovinskog sta\u017ea dostupan na internetskoj stranici HZMO, poveznica: https:\/\/www.mirovinsko.hr\/hr\/2024-3313\/3313<\/p>\n<ul>\n<li>koji istovremeno ne koriste slijede\u0107e usluge \u2013 usluga pomo\u0107i u ku\u0107i, boravka, organiziranog stanovanja, smje\u0161taja, osobne asistencije koju pru\u017ea osobni asistent<\/li>\n<\/ul>\n<p>ODRASLE OSOBE (18 godina ili vi\u0161e) SA INVALIDITETOM<\/p>\n<ul>\n<li>koje \u017eive u sama\u010dkom ili dvo\u010dlanom ku\u0107anstvu ili vi\u0161e\u010dlanom ku\u0107anstvu u kojem su svi \u010dlanovi ku\u0107anstva pripadnici ciljnih skupina<\/li>\n<li>koje imaju utvr\u0111en tre\u0107i ili \u010detvrti stupanj te\u017eine invaliditeta \u2013 o\u0161te\u0107enja funkcionalnih sposobnosti prema propisima o vje\u0161ta\u010denja i<\/li>\n<li>koji istovremeno ne koriste slijede\u0107e usluge \u2013 usluga pomo\u0107i u ku\u0107i, boravka, organiziranog stanovanja, smje\u0161taja, osobne asistencije koju pru\u017ea osobni asistent<\/li>\n<li>\u010diji roditelj ili drugi \u010dlan obitelji nema priznato pravo na status roditelja njegovatelja ili status njegovatelja za potrebu skrbi o njoj<\/li>\n<\/ul>\n<p>Dodatne informacije mogu\u0107e je dobiti na kontakt broj 091\/603-7311 te na adresi nositelja projekta Doma za starije i nemo\u0107ne osobe Ilok, Sofija 2, Ilok.<\/p>\n<p style=\"text-align: center;\"><img loading=\"lazy\" decoding=\"async\" class=\"alignnone size-full wp-image-3377 aligncenter\" src=\"https:\/\/dom-ilok.hr\/wp-content\/uploads\/2024\/03\/Sufinancira-EU.jpg\" alt=\"\" width=\"800\" height=\"114\" srcset=\"https:\/\/dom-ilok.hr\/wp-content\/uploads\/2024\/03\/Sufinancira-EU.jpg 800w, https:\/\/dom-ilok.hr\/wp-content\/uploads\/2024\/03\/Sufinancira-EU-300x43.jpg 300w, https:\/\/dom-ilok.hr\/wp-content\/uploads\/2024\/03\/Sufinancira-EU-768x109.jpg 768w\" sizes=\"auto, (max-width: 800px) 100vw, 800px\" \/>Projekt je sufinancirala Europska unija iz Europskog socijalnog fonda plus.<br \/>\nSadr\u017eaj publikacije isklju\u010diva je odgovornost Doma za starije i nemo\u0107ne osobe Ilok.<\/p>\n<p>&nbsp;<\/p>\n","protected":false},"excerpt":{"rendered":"<p>NAZIV PROJEKTA: Za\u017eeli-ostvari II KODNI BROJ: SF.3.4.11.01.0097 KORISNIK BESPOVRATNIH SREDSTAVA: Dom za starije i nemo\u0107ne osobe Ilok PARTNER NA PROJEKTU: Hrvatski Crveni kri\u017e &#8211; Gradsko dru\u0161tvo Crvenog kri\u017ea Ilok POSREDNI\u010cKO TIJELO RAZINE 1: Ministarstvo rada, mirovinskoga sustava, obitelji i socijalne politike, www.mrosp.gov.hr&nbsp;&nbsp;&nbsp;&nbsp;&nbsp;&nbsp;&nbsp;&nbsp;&nbsp;&nbsp;&nbsp;&nbsp;&nbsp;&nbsp;&nbsp;&nbsp;&nbsp;&nbsp;&nbsp;&nbsp;&nbsp;&nbsp;&nbsp;&nbsp;&nbsp;&nbsp;&nbsp;&nbsp;&nbsp;&nbsp;&nbsp;&nbsp;&nbsp;&nbsp;&nbsp;&nbsp;&nbsp;&nbsp;&nbsp;&nbsp;&nbsp;&nbsp;&nbsp;&nbsp;&nbsp;&nbsp;&nbsp;&nbsp;&nbsp;&nbsp;&nbsp;&nbsp;&nbsp;&nbsp;&nbsp;&nbsp;&nbsp;&nbsp;&nbsp;&nbsp;&nbsp;&nbsp;&nbsp;&nbsp;&nbsp;&nbsp;&nbsp;&nbsp;&nbsp;&nbsp;&nbsp;&nbsp;&nbsp; POSREDNI\u010cKO TIJELO RAZINE 2: Hrvatski zavod za zapo\u0161ljavanje, Ured za financiranje i ugovaranje&hellip;<\/p>\n","protected":false},"author":1,"featured_media":0,"parent":0,"menu_order":10102,"comment_status":"closed","ping_status":"closed","template":"","meta":{"_monsterinsights_skip_tracking":false,"_monsterinsights_sitenote_active":false,"_monsterinsights_sitenote_note":"","_monsterinsights_sitenote_category":0,"ngg_post_thumbnail":0,"footnotes":""},"class_list":["post-3369","page","type-page","status-publish","hentry","description-off"],"aioseo_notices":[],"_links":{"self":[{"href":"https:\/\/dom-ilok.hr\/index.php?rest_route=\/wp\/v2\/pages\/3369","targetHints":{"allow":["GET"]}}],"collection":[{"href":"https:\/\/dom-ilok.hr\/index.php?rest_route=\/wp\/v2\/pages"}],"about":[{"href":"https:\/\/dom-ilok.hr\/index.php?rest_route=\/wp\/v2\/types\/page"}],"author":[{"embeddable":true,"href":"https:\/\/dom-ilok.hr\/index.php?rest_route=\/wp\/v2\/users\/1"}],"replies":[{"embeddable":true,"href":"https:\/\/dom-ilok.hr\/index.php?rest_route=%2Fwp%2Fv2%2Fcomments&post=3369"}],"version-history":[{"count":6,"href":"https:\/\/dom-ilok.hr\/index.php?rest_route=\/wp\/v2\/pages\/3369\/revisions"}],"predecessor-version":[{"id":4389,"href":"https:\/\/dom-ilok.hr\/index.php?rest_route=\/wp\/v2\/pages\/3369\/revisions\/4389"}],"wp:attachment":[{"href":"https:\/\/dom-ilok.hr\/index.php?rest_route=%2Fwp%2Fv2%2Fmedia&parent=3369"}],"curies":[{"name":"wp","href":"https:\/\/api.w.org\/{rel}","templated":true}]}}