{"id":2987,"date":"2022-12-02T13:00:29","date_gmt":"2022-12-02T12:00:29","guid":{"rendered":"https:\/\/dom-ilok.hr\/?page_id=2987"},"modified":"2022-12-06T12:56:08","modified_gmt":"2022-12-06T11:56:08","slug":"2987-2","status":"publish","type":"page","link":"https:\/\/dom-ilok.hr\/?page_id=2987","title":{"rendered":"Projekt Za\u017eeli &#8211; Ostvari!"},"content":{"rendered":"<div class=\"wpb-content-wrapper\"><p>[vc_row][vc_column][vc_column_text]<\/p>\n<table style=\"width: 100%; border-collapse: collapse; border-style: hidden;\">\n<tbody>\n<tr>\n<td style=\"width: 35.1254%;\"><a href=\"http:\/\/www.esf.hr\/\"><img loading=\"lazy\" decoding=\"async\" class=\"alignright wp-image-57749 size-full\" src=\"https:\/\/dom-ilok.hr\/wp-content\/uploads\/2022\/12\/esf_hr.jpg\" alt=\"esf.hr logo link stranice\" width=\"268\" height=\"221\"><\/a><\/td>\n<td style=\"width: 64.8746%;\"><a href=\"https:\/\/strukturnifondovi.hr\/\"><img loading=\"lazy\" decoding=\"async\" class=\"alignnone wp-image-57751 size-full\" src=\"https:\/\/dom-ilok.hr\/wp-content\/uploads\/2022\/12\/EUSocFond.jpg\" alt=\"Europski socijalni fond - logo - link na stranice\" width=\"704\" height=\"221\"><\/a><\/td>\n<\/tr>\n<\/tbody>\n<\/table>\n<p>[\/vc_column_text][\/vc_column][\/vc_row][vc_row][vc_column][vc_column_text]<\/p>\n<p style=\"text-align: center;\">&nbsp;<\/p>\n<p><strong>NAZIV PROJEKTA I KODNI BROJ:<\/strong><\/p>\n<ul>\n<li>Za\u017eeli-ostvari!, UP.02.1.1.169.0314<\/li>\n<\/ul>\n<p><strong>KRATAK OPIS PROJEKTA<\/strong>:<\/p>\n<p>Kroz projekt \u0107e 20 \u017eena pripadnica ranjivih skupina s najvi\u0161e zavr\u0161enim srednjo\u0161kolskim obrazovanjem prijavljenih u evidenciju nezaposlenih HZZ-a biti zaposlene 6 mjeseci kako bi svojim radom i aktivnostima pobolj\u0161ale kvalitetu \u017eivota najmanje 120 korisnika usluga potpore i podr\u0161ke (starije osobe, nemo\u0107ne osobe i\/ili osobe sa invaliditetom) u svojoj lokalnoj zajednici kroz pru\u017eanje pomo\u0107i u dostavi namirnica, pomo\u0107i u pripremi obroka u ku\u0107anstvima krajnjih korisnika, pomo\u0107i u odr\u017eavanju \u010disto\u0107e stambenog prostora\/domova krajnjih korisnika, brizi o higijeni, pomo\u0107i u socijalnoj integraciji, pomo\u0107i u posredovanju u ostvarivanju raznih prava te pru\u017eati podr\u0161ku kroz razgovore i dru\u017eenje te pratnju i pomo\u0107 u raznim dru\u0161tvenim aktivnostima. Svaka zaposlena \u017eena pru\u017eat \u0107e podr\u0161ku za najmanje \u0161est krajnjih korisnika, uz isporuku 6 paketa ku\u0107anskih i osnovnih higijenskih potrep\u0161tina.<\/p>\n<p><strong>NOSITELJ PROJEKTA: <\/strong><\/p>\n<p><strong>&nbsp;<\/strong>Dom za starije i nemo\u0107ne osobe Ilok<\/p>\n<p><strong>PARTNERI NA PROJEKTU:<\/strong><\/p>\n<ul>\n<li>Hrvatski Crveni kri\u017e Gradsko dru\u0161tvo Crvenog kri\u017ea Ilok<\/li>\n<li>Hrvatski zavod za zapo\u0161ljavanje, Podru\u010dni ured Vukovar<\/li>\n<li>Centar za socijalnu skrb Vukovar<\/li>\n<\/ul>\n<p><strong>CILJ PROJEKTA:<\/strong><\/p>\n<ul>\n<li>Smanjenje nezaposlenosti i rizika od siroma\u0161tva zapo\u0161ljavanjem te\u017ee zapo\u0161ljivih \u017eena s ni\u017eom razinom obrazovanja pripadnica ranjivih skupina te poticanje socijalne uklju\u010denosti i pove\u0107anje kvalitete \u017eivota starijih osoba odnosno osoba u dobi od 65 i vi\u0161e godina i\/ili nemo\u0107nih osoba kao krajnjih korisnika na podru\u010dju Grada Iloka.<\/li>\n<\/ul>\n<p><strong>O\u010cEKIVANI REZULTATI PROJEKTA:<\/strong><\/p>\n<ul>\n<li><strong>&nbsp;<\/strong>zaposleno 20 \u017eena pripadnica ciljne skupine na vremenski period od 6 mjeseci<\/li>\n<li>pru\u017eena redovita pomo\u0107 i podr\u0161ka za 120 krajnjih korisnika<\/li>\n<li>isporu\u010deno 720 paketa ku\u0107anskih i osnovnih higijenskih potrep\u0161tina<\/li>\n<li>provedene promotivne aktivnosti \u2013 izra\u0111en i podijeljen promotivni materijal (banner, promotivni letci, plakati, kemijske olovke, notesi) i radna odje\u0107a za \u017eene, odr\u017eana radio emisija i emitirane radijske obavijesti, izra\u0111ena web stanica Gradskog dru\u0161tva Crvenog kri\u017ea na kojoj \u0107e se objavljivati sve vijesti i informacije vezane za projekt i odr\u017eana zavr\u0161na konferencija<\/li>\n<\/ul>\n<p><strong>CILJANA SKUPINA:<\/strong><\/p>\n<ul>\n<li>Nezaposlene \u017eene s najvi\u0161e zavr\u0161enim srednjo\u0161kolskim obrazovanjem koje su prijavljene u evidenciju nezaposlenih HZZ-a s naglaskom na \u017eene koje su pripadnice ranjivih skupina odnosno \u017eene starosti 50 godina ili vi\u0161e, \u017eene sa invaliditetom, \u017ertve trgovanja ljudima, \u017ertve obiteljskog nasilja, azilantice, \u017eene koje su iza\u0161le iz sustava skrbi (domova za djecu) i udomiteljskih obitelji, odgojnih zavoda i sl., lije\u010dene ovisnice, povratnice sa odslu\u017eenja zatvorske kazne unazad 6 mjeseci, pripadnice romske nacionalne manjine, besku\u0107nice.<\/li>\n<\/ul>\n<p><strong>UKUPNA VRIJEDNOST PROJEKTA: <\/strong><\/p>\n<ul>\n<li>988.069,00 kuna<\/li>\n<\/ul>\n<p><strong>IZNOS BESPOVRATNIH SREDSTAVA: <\/strong><\/p>\n<ul>\n<li>988.069,00 kuna<\/li>\n<\/ul>\n<p><strong>RAZDOBLJE PROVEDBE PROJEKTA:<\/strong><\/p>\n<ul>\n<li>21. listopada 2022. do 21. lipnja 2023. godine (8 mjeseci)<\/li>\n<\/ul>\n<p><strong>&nbsp;<\/strong><strong>KONTAKT OSOBA:<\/strong><\/p>\n<ul>\n<li>Mihaela Ran\u010dki, voditeljica projekta<br \/>\nNaselje Sofija 2, 32236 Ilok<br \/>\nKontakt telefon: +385 32 592 703<br \/>\ne-mail: domilok.mihaela@gmail.com<\/li>\n<\/ul>\n<p><strong>UPRAVLJA\u010cKO TIJELO: <\/strong><\/p>\n<ul>\n<li>Ministarstvo rada, mirovinskoga sustava, obitelji i socijalne politike<\/li>\n<\/ul>\n<p><strong>POSREDNI\u010cKO TIJELO RAZINE 2: <\/strong><\/p>\n<ul>\n<li>Hrvatski zavod za zapo\u0161ljavanje, Ured za financiranje i ugovaranje projekata Europske unije<\/li>\n<\/ul>\n<p>Za vi\u0161e informacija o fondovima Europske unije posjetite: <span style=\"text-decoration: underline; color: #3366ff;\"><em><a style=\"color: #3366ff; text-decoration: underline;\" href=\"http:\/\/www.strukturnifondovi.hr\">www.strukturnifondovi.hr<\/a><\/em><\/span> i <span style=\"text-decoration: underline; color: #3366ff;\"><em><a style=\"color: #3366ff; text-decoration: underline;\" href=\"http:\/\/www.esf.hr\/\">http:\/\/www.esf.hr\/<\/a><\/em><\/span><\/p>\n<p>Projekt je sufinancirala Europska unija iz Europskog socijalnog fonda.<\/p>\n<p>Sadr\u017eaj mre\u017ene stranice isklju\u010diva je odgovornost Gradskog dru\u0161tva Crvenog kri\u017ea Ilok.<\/p>\n<p>&nbsp;<\/p>\n<p>&nbsp;[\/vc_column_text][\/vc_column][\/vc_row]<\/p>\n<\/div>","protected":false},"excerpt":{"rendered":"<p>[vc_row][vc_column][vc_column_text] [\/vc_column_text][\/vc_column][\/vc_row][vc_row][vc_column][vc_column_text] &nbsp; NAZIV PROJEKTA I KODNI BROJ: Za\u017eeli-ostvari!, UP.02.1.1.169.0314 KRATAK OPIS PROJEKTA: Kroz projekt \u0107e 20 \u017eena pripadnica ranjivih skupina s najvi\u0161e zavr\u0161enim srednjo\u0161kolskim obrazovanjem prijavljenih u evidenciju nezaposlenih HZZ-a biti zaposlene 6 mjeseci kako bi svojim radom i aktivnostima pobolj\u0161ale kvalitetu \u017eivota najmanje 120 korisnika usluga potpore i podr\u0161ke (starije osobe, nemo\u0107ne osobe&hellip;<\/p>\n","protected":false},"author":1,"featured_media":0,"parent":0,"menu_order":10101,"comment_status":"closed","ping_status":"closed","template":"","meta":{"_monsterinsights_skip_tracking":false,"_monsterinsights_sitenote_active":false,"_monsterinsights_sitenote_note":"","_monsterinsights_sitenote_category":0,"ngg_post_thumbnail":0,"footnotes":""},"class_list":["post-2987","page","type-page","status-publish","hentry","description-off"],"aioseo_notices":[],"_links":{"self":[{"href":"https:\/\/dom-ilok.hr\/index.php?rest_route=\/wp\/v2\/pages\/2987","targetHints":{"allow":["GET"]}}],"collection":[{"href":"https:\/\/dom-ilok.hr\/index.php?rest_route=\/wp\/v2\/pages"}],"about":[{"href":"https:\/\/dom-ilok.hr\/index.php?rest_route=\/wp\/v2\/types\/page"}],"author":[{"embeddable":true,"href":"https:\/\/dom-ilok.hr\/index.php?rest_route=\/wp\/v2\/users\/1"}],"replies":[{"embeddable":true,"href":"https:\/\/dom-ilok.hr\/index.php?rest_route=%2Fwp%2Fv2%2Fcomments&post=2987"}],"version-history":[{"count":8,"href":"https:\/\/dom-ilok.hr\/index.php?rest_route=\/wp\/v2\/pages\/2987\/revisions"}],"predecessor-version":[{"id":2999,"href":"https:\/\/dom-ilok.hr\/index.php?rest_route=\/wp\/v2\/pages\/2987\/revisions\/2999"}],"wp:attachment":[{"href":"https:\/\/dom-ilok.hr\/index.php?rest_route=%2Fwp%2Fv2%2Fmedia&parent=2987"}],"curies":[{"name":"wp","href":"https:\/\/api.w.org\/{rel}","templated":true}]}}