{"id":2704,"date":"2021-01-28T08:05:19","date_gmt":"2021-01-28T07:05:19","guid":{"rendered":"https:\/\/dom-ilok.hr\/?page_id=2704"},"modified":"2021-01-28T08:06:01","modified_gmt":"2021-01-28T07:06:01","slug":"strucno-vijece","status":"publish","type":"page","link":"https:\/\/dom-ilok.hr\/?page_id=2704","title":{"rendered":"Stru\u010dno vije\u0107e"},"content":{"rendered":"<p style=\"text-align: left;\">U Domu za starije i nemo\u0107ne osobe Ilok, kao stru\u010dno i savjetodavno tijelo osnovano je Stru\u010dno vije\u0107e kojeg \u010dine svi stru\u010dni radnici Doma. Stru\u010dno vije\u0107e donosi svoj poslovnik kojima se ure\u0111uje na\u010din izbora predsjednika i zamjenika predsjednika te na\u010din rada i dono\u0161enja odluka.<\/p>\n<p style=\"text-align: left;\"><strong>Predsjednik Stru\u010dnog vije\u0107a<\/strong>&nbsp;<\/p>\n<p style=\"text-align: left;\">Darija Salopek &#8211; glavna sestra<\/p>\n<p style=\"text-align: left;\">&nbsp;<\/p>\n<p style=\"text-align: left;\"><strong>Zamjenik predsjednika:<\/strong><\/p>\n<p style=\"text-align: left;\">Ana Mercvajler &#8211; med.sestra<\/p>\n<p style=\"text-align: left;\">&nbsp;<\/p>\n<p style=\"text-align: left;\"><strong>\u010clanovi stru\u010dnog vije\u0107a<\/strong><\/p>\n<p style=\"text-align: left;\">Renata Tilovi\u0107 &#8211; med.sestra<\/p>\n<p style=\"text-align: left;\">Marija Papak &#8211; med.sestra<\/p>\n<p style=\"text-align: left;\">Lidija Matkovi\u0107 &#8211; med.sestra<\/p>\n<p style=\"text-align: left;\">Martina Buza\u0161 &#8211; med.sestra<\/p>\n<p style=\"text-align: left;\">Renata Barbari\u0107 &#8211; med.sestra<\/p>\n<p style=\"text-align: left;\">Stana Rakovica &#8211; fizio-radni terapeut<\/p>\n<p style=\"text-align: left;\">Adrian Majstorovi\u0107 \u2013 med.tehni\u010dar<\/p>\n","protected":false},"excerpt":{"rendered":"<p>U Domu za starije i nemo\u0107ne osobe Ilok, kao stru\u010dno i savjetodavno tijelo osnovano je Stru\u010dno vije\u0107e kojeg \u010dine svi stru\u010dni radnici Doma. Stru\u010dno vije\u0107e donosi svoj poslovnik kojima se ure\u0111uje na\u010din izbora predsjednika i zamjenika predsjednika te na\u010din rada i dono\u0161enja odluka. Predsjednik Stru\u010dnog vije\u0107a&nbsp; Darija Salopek &#8211; glavna sestra &nbsp; Zamjenik predsjednika: Ana&hellip;<\/p>\n","protected":false},"author":1,"featured_media":0,"parent":895,"menu_order":28,"comment_status":"closed","ping_status":"closed","template":"","meta":{"_monsterinsights_skip_tracking":false,"_monsterinsights_sitenote_active":false,"_monsterinsights_sitenote_note":"","_monsterinsights_sitenote_category":0,"ngg_post_thumbnail":0,"footnotes":""},"class_list":["post-2704","page","type-page","status-publish","hentry","description-off"],"aioseo_notices":[],"_links":{"self":[{"href":"https:\/\/dom-ilok.hr\/index.php?rest_route=\/wp\/v2\/pages\/2704","targetHints":{"allow":["GET"]}}],"collection":[{"href":"https:\/\/dom-ilok.hr\/index.php?rest_route=\/wp\/v2\/pages"}],"about":[{"href":"https:\/\/dom-ilok.hr\/index.php?rest_route=\/wp\/v2\/types\/page"}],"author":[{"embeddable":true,"href":"https:\/\/dom-ilok.hr\/index.php?rest_route=\/wp\/v2\/users\/1"}],"replies":[{"embeddable":true,"href":"https:\/\/dom-ilok.hr\/index.php?rest_route=%2Fwp%2Fv2%2Fcomments&post=2704"}],"version-history":[{"count":1,"href":"https:\/\/dom-ilok.hr\/index.php?rest_route=\/wp\/v2\/pages\/2704\/revisions"}],"predecessor-version":[{"id":2705,"href":"https:\/\/dom-ilok.hr\/index.php?rest_route=\/wp\/v2\/pages\/2704\/revisions\/2705"}],"up":[{"embeddable":true,"href":"https:\/\/dom-ilok.hr\/index.php?rest_route=\/wp\/v2\/pages\/895"}],"wp:attachment":[{"href":"https:\/\/dom-ilok.hr\/index.php?rest_route=%2Fwp%2Fv2%2Fmedia&parent=2704"}],"curies":[{"name":"wp","href":"https:\/\/api.w.org\/{rel}","templated":true}]}}