{"id":2698,"date":"2021-01-28T08:02:18","date_gmt":"2021-01-28T07:02:18","guid":{"rendered":"https:\/\/dom-ilok.hr\/?page_id=2698"},"modified":"2022-11-15T13:34:01","modified_gmt":"2022-11-15T12:34:01","slug":"uprava","status":"publish","type":"page","link":"https:\/\/dom-ilok.hr\/?page_id=2698","title":{"rendered":"Uprava"},"content":{"rendered":"<p style=\"text-align: left;\"><strong>Ravnateljica:<\/strong><\/p>\n<p style=\"text-align: left;\">Darija Nikoli\u0107, mag.soc.rada&nbsp;<\/p>\n<p style=\"text-align: left;\">&nbsp;<\/p>\n<p style=\"text-align: left;\"><strong>Zamjenik ravnateljice: &nbsp; <\/strong><\/p>\n<p style=\"text-align: left;\">Ksenija Nemet, dipl.oec<\/p>\n<p style=\"text-align: left;\">&nbsp;<\/p>\n<p style=\"text-align: left;\"><strong>Voditelj ra\u010dunovodstva: <\/strong><\/p>\n<p style=\"text-align: left;\">Ksenija Nemet, dip.oec<\/p>\n<p style=\"text-align: left;\">&nbsp;<\/p>\n<p style=\"text-align: left;\"><strong>Socijalni radnik:<\/strong><\/p>\n<p>Katarina Fric, mag.soc rada<\/p>\n<p style=\"text-align: left;\">&nbsp;<\/p>\n<p style=\"text-align: left;\"><strong>Ra\u010dunovodstveni referent:<\/strong><\/p>\n<p style=\"text-align: left;\">Marica Salamon, ekonomist<\/p>\n<p>&nbsp;<\/p>\n<p style=\"text-align: left;\"><strong>Financijski knjigovo\u0111a:<\/strong><\/p>\n<p style=\"text-align: left;\">Vlatka \u0160omoljanski, ekonomist<\/p>\n<p>&nbsp;<\/p>\n<p><strong>Voditelj odjela prehrane i pomo\u0107no &#8211; tehni\u010dkih poslova:<\/strong><\/p>\n<p>Sini\u0161a Boban<\/p>\n<p style=\"text-align: left;\">&nbsp;<\/p>\n","protected":false},"excerpt":{"rendered":"<p>Ravnateljica: Darija Nikoli\u0107, mag.soc.rada&nbsp; &nbsp; Zamjenik ravnateljice: &nbsp; Ksenija Nemet, dipl.oec &nbsp; Voditelj ra\u010dunovodstva: Ksenija Nemet, dip.oec &nbsp; Socijalni radnik: Katarina Fric, mag.soc rada &nbsp; Ra\u010dunovodstveni referent: Marica Salamon, ekonomist &nbsp; Financijski knjigovo\u0111a: Vlatka \u0160omoljanski, ekonomist &nbsp; Voditelj odjela prehrane i pomo\u0107no &#8211; tehni\u010dkih poslova: Sini\u0161a Boban &nbsp;<\/p>\n","protected":false},"author":1,"featured_media":0,"parent":895,"menu_order":26,"comment_status":"closed","ping_status":"closed","template":"","meta":{"_monsterinsights_skip_tracking":false,"_monsterinsights_sitenote_active":false,"_monsterinsights_sitenote_note":"","_monsterinsights_sitenote_category":0,"ngg_post_thumbnail":0,"footnotes":""},"class_list":["post-2698","page","type-page","status-publish","hentry","description-off"],"aioseo_notices":[],"_links":{"self":[{"href":"https:\/\/dom-ilok.hr\/index.php?rest_route=\/wp\/v2\/pages\/2698","targetHints":{"allow":["GET"]}}],"collection":[{"href":"https:\/\/dom-ilok.hr\/index.php?rest_route=\/wp\/v2\/pages"}],"about":[{"href":"https:\/\/dom-ilok.hr\/index.php?rest_route=\/wp\/v2\/types\/page"}],"author":[{"embeddable":true,"href":"https:\/\/dom-ilok.hr\/index.php?rest_route=\/wp\/v2\/users\/1"}],"replies":[{"embeddable":true,"href":"https:\/\/dom-ilok.hr\/index.php?rest_route=%2Fwp%2Fv2%2Fcomments&post=2698"}],"version-history":[{"count":7,"href":"https:\/\/dom-ilok.hr\/index.php?rest_route=\/wp\/v2\/pages\/2698\/revisions"}],"predecessor-version":[{"id":2959,"href":"https:\/\/dom-ilok.hr\/index.php?rest_route=\/wp\/v2\/pages\/2698\/revisions\/2959"}],"up":[{"embeddable":true,"href":"https:\/\/dom-ilok.hr\/index.php?rest_route=\/wp\/v2\/pages\/895"}],"wp:attachment":[{"href":"https:\/\/dom-ilok.hr\/index.php?rest_route=%2Fwp%2Fv2%2Fmedia&parent=2698"}],"curies":[{"name":"wp","href":"https:\/\/api.w.org\/{rel}","templated":true}]}}